{"id":1197,"date":"2020-11-07T20:32:22","date_gmt":"2020-11-07T19:32:22","guid":{"rendered":"https:\/\/www.restaurantlepelican.fr\/boutique\/?post_type=product&#038;p=1197"},"modified":"2025-11-19T18:57:31","modified_gmt":"2025-11-19T17:57:31","slug":"le-menu-les-yeux-fermes","status":"publish","type":"product","link":"https:\/\/www.restaurantlepelican.fr\/boutique\/produit\/le-menu-les-yeux-fermes\/","title":{"rendered":"Le menu les yeux ferm\u00e9s\u2026."},"content":{"rendered":"<p>Un menu entr\u00e9e, plat dessert au gr\u00e9 du Chef&#8230;&#8230; un menu facile \u00e0 r\u00e9chauffer .<\/p>\n<p>Il est \u00e0 commander pour un repas du midi ou du soir du mercredi au dimanche midi.<\/p>\n<p>Ex: vous d\u00e9sirez le menu pour le jeudi soir 19h00 , vous devez le commandez au minimum avant 13h00.<\/p>\n<p>Il est \u00e0 retirer directement au restaurant<\/p>\n<p style=\"text-align: center\"><a style=\"text-align: center;background-color: #a49874;color: #ffffff;height: 20px;padding: 10px 20px\" href=\"https:\/\/www.restaurantlepelican.fr\/boutique\/nos-plats-a-emporter\/\">D\u00e9couvrir le reste de la carte\u00a0<\/a><\/p>\n","protected":false},"excerpt":{"rendered":"<p>Un menu entr\u00e9e, plat dessert au gr\u00e9 du Chef&#8230;&#8230; un menu facile \u00e0 r\u00e9chauffer .<\/p>\n<p>Il est \u00e0 commander pour un repas du midi ou du soir du mercredi au dimanche midi.<\/p>\n<p>Ex: vous d\u00e9sirez le menu pour le jeudi soir 19h00 , vous devez le commandez au minimum avant 13h00.<\/p>\n<p>Il est \u00e0 retirer directement au restaurant<\/p>\n","protected":false},"featured_media":1329,"comment_status":"open","ping_status":"closed","template":"","meta":{"site-sidebar-layout":"default","site-content-layout":"default","ast-site-content-layout":"default","site-content-style":"default","site-sidebar-style":"default","ast-global-header-display":"","ast-banner-title-visibility":"","ast-main-header-display":"","ast-hfb-above-header-display":"","ast-hfb-below-header-display":"","ast-hfb-mobile-header-display":"","site-post-title":"","ast-breadcrumbs-content":"","ast-featured-img":"","footer-sml-layout":"","ast-disable-related-posts":"","theme-transparent-header-meta":"default","adv-header-id-meta":"","stick-header-meta":"","header-above-stick-meta":"","header-main-stick-meta":"","header-below-stick-meta":"","astra-migrate-meta-layouts":"default","ast-page-background-enabled":"default","ast-page-background-meta":{"desktop":{"background-color":"","background-image":"","background-repeat":"repeat","background-position":"center center","background-size":"auto","background-attachment":"scroll","background-type":"","background-media":"","overlay-type":"","overlay-color":"","overlay-opacity":"","overlay-gradient":""},"tablet":{"background-color":"","background-image":"","background-repeat":"repeat","background-position":"center center","background-size":"auto","background-attachment":"scroll","background-type":"","background-media":"","overlay-type":"","overlay-color":"","overlay-opacity":"","overlay-gradient":""},"mobile":{"background-color":"","background-image":"","background-repeat":"repeat","background-position":"center center","background-size":"auto","background-attachment":"scroll","background-type":"","background-media":"","overlay-type":"","overlay-color":"","overlay-opacity":"","overlay-gradient":""}},"ast-content-background-meta":{"desktop":{"background-color":"var(--ast-global-color-5)","background-image":"","background-repeat":"repeat","background-position":"center center","background-size":"auto","background-attachment":"scroll","background-type":"","background-media":"","overlay-type":"","overlay-color":"","overlay-opacity":"","overlay-gradient":""},"tablet":{"background-color":"var(--ast-global-color-5)","background-image":"","background-repeat":"repeat","background-position":"center center","background-size":"auto","background-attachment":"scroll","background-type":"","background-media":"","overlay-type":"","overlay-color":"","overlay-opacity":"","overlay-gradient":""},"mobile":{"background-color":"var(--ast-global-color-5)","background-image":"","background-repeat":"repeat","background-position":"center center","background-size":"auto","background-attachment":"scroll","background-type":"","background-media":"","overlay-type":"","overlay-color":"","overlay-opacity":"","overlay-gradient":""}}},"product_brand":[],"product_cat":[84],"product_tag":[],"class_list":{"0":"post-1197","1":"product","2":"type-product","3":"status-publish","4":"has-post-thumbnail","6":"product_cat-menu-yeux","7":"desktop-align-left","8":"tablet-align-left","9":"mobile-align-left","11":"first","12":"outofstock","13":"virtual","14":"purchasable","15":"product-type-simple"},"jetpack_sharing_enabled":true,"_links":{"self":[{"href":"https:\/\/www.restaurantlepelican.fr\/boutique\/wp-json\/wp\/v2\/product\/1197","targetHints":{"allow":["GET"]}}],"collection":[{"href":"https:\/\/www.restaurantlepelican.fr\/boutique\/wp-json\/wp\/v2\/product"}],"about":[{"href":"https:\/\/www.restaurantlepelican.fr\/boutique\/wp-json\/wp\/v2\/types\/product"}],"replies":[{"embeddable":true,"href":"https:\/\/www.restaurantlepelican.fr\/boutique\/wp-json\/wp\/v2\/comments?post=1197"}],"version-history":[{"count":80,"href":"https:\/\/www.restaurantlepelican.fr\/boutique\/wp-json\/wp\/v2\/product\/1197\/revisions"}],"predecessor-version":[{"id":3780,"href":"https:\/\/www.restaurantlepelican.fr\/boutique\/wp-json\/wp\/v2\/product\/1197\/revisions\/3780"}],"wp:featuredmedia":[{"embeddable":true,"href":"https:\/\/www.restaurantlepelican.fr\/boutique\/wp-json\/wp\/v2\/media\/1329"}],"wp:attachment":[{"href":"https:\/\/www.restaurantlepelican.fr\/boutique\/wp-json\/wp\/v2\/media?parent=1197"}],"wp:term":[{"taxonomy":"product_brand","embeddable":true,"href":"https:\/\/www.restaurantlepelican.fr\/boutique\/wp-json\/wp\/v2\/product_brand?post=1197"},{"taxonomy":"product_cat","embeddable":true,"href":"https:\/\/www.restaurantlepelican.fr\/boutique\/wp-json\/wp\/v2\/product_cat?post=1197"},{"taxonomy":"product_tag","embeddable":true,"href":"https:\/\/www.restaurantlepelican.fr\/boutique\/wp-json\/wp\/v2\/product_tag?post=1197"}],"curies":[{"name":"wp","href":"https:\/\/api.w.org\/{rel}","templated":true}]}}