{"id":2509,"date":"2021-01-26T09:05:37","date_gmt":"2021-01-26T08:05:37","guid":{"rendered":"https:\/\/www.restaurantlepelican.fr\/boutique\/?post_type=product&#038;p=2509"},"modified":"2024-12-17T21:14:40","modified_gmt":"2024-12-17T20:14:40","slug":"saint-valentin","status":"publish","type":"product","link":"https:\/\/www.restaurantlepelican.fr\/boutique\/produit\/saint-valentin\/","title":{"rendered":"Menu de la Saint-Valentin"},"content":{"rendered":"<p><strong>Entr\u00e9e :<\/strong> Coquilles St Jacques \/ mandarine &amp; citron vert<br \/>\n<strong>Plat :<\/strong> Supr\u00eame de volaille fermi\u00e8re label rouge du Maine, mille feuilles de pomme de terre &amp; champignons bio de la ferme de l&rsquo;Audonni\u00e8re sauce poulette<br \/>\n<strong>Dessert :<\/strong> Coeur au chocolat (Financier chocolat, cr\u00e9meux \u00e0 la rose, mousse framboise)<\/p>\n<p>&nbsp;<\/p>\n<p style=\"text-align: center\"><a style=\"text-align: center;background-color: #a49874;color: #ffffff;height: 20px;padding: 10px 20px\" href=\"https:\/\/www.restaurantlepelican.fr\/boutique\/nos-plats-a-emporter\/\">D\u00e9couvrir le reste de la carte&nbsp;<\/a><\/p>\n","protected":false},"excerpt":{"rendered":"<p><strong>Entr\u00e9e :<\/strong> Coquilles St Jacques \/ mandarine &amp; citron vert<\/p>\n<p><strong>Plat :<\/strong> Supr\u00eame de volaille fermi\u00e8re label rouge du Maine, mille feuilles de pomme de terre &amp; champignons bio de la ferme de l&rsquo;Audonni\u00e8re sauce poularde<\/p>\n<p><strong>Dessert :<\/strong> Coeur au chocolat<\/p>\n<p style=\"text-align: center\">\n","protected":false},"featured_media":4462,"comment_status":"open","ping_status":"closed","template":"","meta":{"site-sidebar-layout":"default","site-content-layout":"default","ast-site-content-layout":"default","site-content-style":"default","site-sidebar-style":"default","ast-global-header-display":"","ast-banner-title-visibility":"","ast-main-header-display":"","ast-hfb-above-header-display":"","ast-hfb-below-header-display":"","ast-hfb-mobile-header-display":"","site-post-title":"","ast-breadcrumbs-content":"","ast-featured-img":"","footer-sml-layout":"","ast-disable-related-posts":"","theme-transparent-header-meta":"default","adv-header-id-meta":"","stick-header-meta":"","header-above-stick-meta":"","header-main-stick-meta":"","header-below-stick-meta":"","astra-migrate-meta-layouts":"default","ast-page-background-enabled":"default","ast-page-background-meta":{"desktop":{"background-color":"","background-image":"","background-repeat":"repeat","background-position":"center center","background-size":"auto","background-attachment":"scroll","background-type":"","background-media":"","overlay-type":"","overlay-color":"","overlay-opacity":"","overlay-gradient":""},"tablet":{"background-color":"","background-image":"","background-repeat":"repeat","background-position":"center center","background-size":"auto","background-attachment":"scroll","background-type":"","background-media":"","overlay-type":"","overlay-color":"","overlay-opacity":"","overlay-gradient":""},"mobile":{"background-color":"","background-image":"","background-repeat":"repeat","background-position":"center center","background-size":"auto","background-attachment":"scroll","background-type":"","background-media":"","overlay-type":"","overlay-color":"","overlay-opacity":"","overlay-gradient":""}},"ast-content-background-meta":{"desktop":{"background-color":"var(--ast-global-color-5)","background-image":"","background-repeat":"repeat","background-position":"center center","background-size":"auto","background-attachment":"scroll","background-type":"","background-media":"","overlay-type":"","overlay-color":"","overlay-opacity":"","overlay-gradient":""},"tablet":{"background-color":"var(--ast-global-color-5)","background-image":"","background-repeat":"repeat","background-position":"center center","background-size":"auto","background-attachment":"scroll","background-type":"","background-media":"","overlay-type":"","overlay-color":"","overlay-opacity":"","overlay-gradient":""},"mobile":{"background-color":"var(--ast-global-color-5)","background-image":"","background-repeat":"repeat","background-position":"center center","background-size":"auto","background-attachment":"scroll","background-type":"","background-media":"","overlay-type":"","overlay-color":"","overlay-opacity":"","overlay-gradient":""}}},"product_brand":[],"product_cat":[82],"product_tag":[],"class_list":{"0":"post-2509","1":"product","2":"type-product","3":"status-publish","4":"has-post-thumbnail","6":"product_cat-saint-valentin","7":"desktop-align-left","8":"tablet-align-left","9":"mobile-align-left","11":"first","12":"outofstock","13":"virtual","14":"purchasable","15":"product-type-simple"},"jetpack_sharing_enabled":true,"_links":{"self":[{"href":"https:\/\/www.restaurantlepelican.fr\/boutique\/wp-json\/wp\/v2\/product\/2509","targetHints":{"allow":["GET"]}}],"collection":[{"href":"https:\/\/www.restaurantlepelican.fr\/boutique\/wp-json\/wp\/v2\/product"}],"about":[{"href":"https:\/\/www.restaurantlepelican.fr\/boutique\/wp-json\/wp\/v2\/types\/product"}],"replies":[{"embeddable":true,"href":"https:\/\/www.restaurantlepelican.fr\/boutique\/wp-json\/wp\/v2\/comments?post=2509"}],"version-history":[{"count":32,"href":"https:\/\/www.restaurantlepelican.fr\/boutique\/wp-json\/wp\/v2\/product\/2509\/revisions"}],"predecessor-version":[{"id":4505,"href":"https:\/\/www.restaurantlepelican.fr\/boutique\/wp-json\/wp\/v2\/product\/2509\/revisions\/4505"}],"wp:featuredmedia":[{"embeddable":true,"href":"https:\/\/www.restaurantlepelican.fr\/boutique\/wp-json\/wp\/v2\/media\/4462"}],"wp:attachment":[{"href":"https:\/\/www.restaurantlepelican.fr\/boutique\/wp-json\/wp\/v2\/media?parent=2509"}],"wp:term":[{"taxonomy":"product_brand","embeddable":true,"href":"https:\/\/www.restaurantlepelican.fr\/boutique\/wp-json\/wp\/v2\/product_brand?post=2509"},{"taxonomy":"product_cat","embeddable":true,"href":"https:\/\/www.restaurantlepelican.fr\/boutique\/wp-json\/wp\/v2\/product_cat?post=2509"},{"taxonomy":"product_tag","embeddable":true,"href":"https:\/\/www.restaurantlepelican.fr\/boutique\/wp-json\/wp\/v2\/product_tag?post=2509"}],"curies":[{"name":"wp","href":"https:\/\/api.w.org\/{rel}","templated":true}]}}