{"id":370,"date":"2019-10-27T17:40:48","date_gmt":"2019-10-27T16:40:48","guid":{"rendered":"https:\/\/www.restaurantlepelican.fr\/boutique\/?post_type=product&#038;p=370"},"modified":"2025-03-20T02:23:16","modified_gmt":"2025-03-20T01:23:16","slug":"coffret-balade-gourmande-pour-2-personnes","status":"publish","type":"product","link":"https:\/\/www.restaurantlepelican.fr\/boutique\/produit\/coffret-balade-gourmande-pour-2-personnes\/","title":{"rendered":"COFFRET BALADE GOURMANDE (Pour 2 personnes)"},"content":{"rendered":"<p>Menu en 6 services (Menu d\u00e9gustation).<\/p>\n<p><strong>(Vous avez la possibilit\u00e9 de personnaliser votre coffret)\u00a0<\/strong><\/p>\n<p><strong>La carte sans prix sera pr\u00e9sent\u00e9e<\/strong><\/p>\n<p><strong>&#8211; Menu BALADE GOURMANDE &#8211;<\/strong><\/p>\n<p><em>Valable tous les jours midi et soir, sauf : 24 et 25 d\u00e9cembre, 31 d\u00e9cembre, 1er janvier, 14 f\u00e9vrier, P\u00e2ques, 1er mai, 8 mai, Ascension, Pentec\u00f4te, 14 juillet, 15 ao\u00fbt, Toussaint, 11 novembre, f\u00eate des m\u00e8res et f\u00eate des p\u00e8res. Ce bon est valable sur r\u00e9servation uniquement et sous r\u00e9serve de disponibilit\u00e9.<\/em><\/p>\n<p><strong>Vous recevrez le bon cadeau par mail.<\/strong><\/p>\n<p><strong>(commande trait\u00e9e dans les 72h).<\/strong><\/p>\n<hr \/>\n<p><strong>CE COFFRET EST PREVU POUR 2 PERSONNES<\/strong><\/p>\n","protected":false},"excerpt":{"rendered":"<p>Menu en 6 services (Menu d\u00e9gustation).<\/p>\n<p><strong>(<\/strong><strong>Vous avez la possibilit\u00e9 de personnaliser votre coffret)<\/strong><strong>\u00a0<\/strong><\/p>\n<p><strong>La carte sans prix sera pr\u00e9sent\u00e9e<\/strong><\/p>\n<p><strong>\u2013 Menu BALADE GOURMANDE \u2013<\/strong><\/p>\n<hr \/>\n<p><strong>CE COFFRET EST PREVU POUR 2 PERSONNES<\/strong><\/p>\n","protected":false},"featured_media":549,"comment_status":"open","ping_status":"closed","template":"","meta":{"site-sidebar-layout":"default","site-content-layout":"default","ast-site-content-layout":"default","site-content-style":"default","site-sidebar-style":"default","ast-global-header-display":"","ast-banner-title-visibility":"","ast-main-header-display":"","ast-hfb-above-header-display":"","ast-hfb-below-header-display":"","ast-hfb-mobile-header-display":"","site-post-title":"","ast-breadcrumbs-content":"","ast-featured-img":"","footer-sml-layout":"","ast-disable-related-posts":"","theme-transparent-header-meta":"default","adv-header-id-meta":"","stick-header-meta":"","header-above-stick-meta":"","header-main-stick-meta":"","header-below-stick-meta":"","astra-migrate-meta-layouts":"set","ast-page-background-enabled":"default","ast-page-background-meta":{"desktop":{"background-color":"","background-image":"","background-repeat":"repeat","background-position":"center center","background-size":"auto","background-attachment":"scroll","background-type":"","background-media":"","overlay-type":"","overlay-color":"","overlay-opacity":"","overlay-gradient":""},"tablet":{"background-color":"","background-image":"","background-repeat":"repeat","background-position":"center center","background-size":"auto","background-attachment":"scroll","background-type":"","background-media":"","overlay-type":"","overlay-color":"","overlay-opacity":"","overlay-gradient":""},"mobile":{"background-color":"","background-image":"","background-repeat":"repeat","background-position":"center center","background-size":"auto","background-attachment":"scroll","background-type":"","background-media":"","overlay-type":"","overlay-color":"","overlay-opacity":"","overlay-gradient":""}},"ast-content-background-meta":{"desktop":{"background-color":"var(--ast-global-color-5)","background-image":"","background-repeat":"repeat","background-position":"center center","background-size":"auto","background-attachment":"scroll","background-type":"","background-media":"","overlay-type":"","overlay-color":"","overlay-opacity":"","overlay-gradient":""},"tablet":{"background-color":"var(--ast-global-color-5)","background-image":"","background-repeat":"repeat","background-position":"center center","background-size":"auto","background-attachment":"scroll","background-type":"","background-media":"","overlay-type":"","overlay-color":"","overlay-opacity":"","overlay-gradient":""},"mobile":{"background-color":"var(--ast-global-color-5)","background-image":"","background-repeat":"repeat","background-position":"center center","background-size":"auto","background-attachment":"scroll","background-type":"","background-media":"","overlay-type":"","overlay-color":"","overlay-opacity":"","overlay-gradient":""}}},"product_brand":[],"product_cat":[37],"product_tag":[],"class_list":{"0":"post-370","1":"product","2":"type-product","3":"status-publish","4":"has-post-thumbnail","6":"product_cat-coffrets-cadeaux","7":"desktop-align-left","8":"tablet-align-left","9":"mobile-align-left","11":"first","12":"instock","13":"virtual","14":"purchasable","15":"product-type-simple"},"jetpack_sharing_enabled":true,"_links":{"self":[{"href":"https:\/\/www.restaurantlepelican.fr\/boutique\/wp-json\/wp\/v2\/product\/370","targetHints":{"allow":["GET"]}}],"collection":[{"href":"https:\/\/www.restaurantlepelican.fr\/boutique\/wp-json\/wp\/v2\/product"}],"about":[{"href":"https:\/\/www.restaurantlepelican.fr\/boutique\/wp-json\/wp\/v2\/types\/product"}],"replies":[{"embeddable":true,"href":"https:\/\/www.restaurantlepelican.fr\/boutique\/wp-json\/wp\/v2\/comments?post=370"}],"version-history":[{"count":12,"href":"https:\/\/www.restaurantlepelican.fr\/boutique\/wp-json\/wp\/v2\/product\/370\/revisions"}],"predecessor-version":[{"id":5259,"href":"https:\/\/www.restaurantlepelican.fr\/boutique\/wp-json\/wp\/v2\/product\/370\/revisions\/5259"}],"wp:featuredmedia":[{"embeddable":true,"href":"https:\/\/www.restaurantlepelican.fr\/boutique\/wp-json\/wp\/v2\/media\/549"}],"wp:attachment":[{"href":"https:\/\/www.restaurantlepelican.fr\/boutique\/wp-json\/wp\/v2\/media?parent=370"}],"wp:term":[{"taxonomy":"product_brand","embeddable":true,"href":"https:\/\/www.restaurantlepelican.fr\/boutique\/wp-json\/wp\/v2\/product_brand?post=370"},{"taxonomy":"product_cat","embeddable":true,"href":"https:\/\/www.restaurantlepelican.fr\/boutique\/wp-json\/wp\/v2\/product_cat?post=370"},{"taxonomy":"product_tag","embeddable":true,"href":"https:\/\/www.restaurantlepelican.fr\/boutique\/wp-json\/wp\/v2\/product_tag?post=370"}],"curies":[{"name":"wp","href":"https:\/\/api.w.org\/{rel}","templated":true}]}}