{"id":4761,"date":"2023-11-19T13:19:23","date_gmt":"2023-11-19T12:19:23","guid":{"rendered":"https:\/\/www.restaurantlepelican.fr\/boutique\/?post_type=product&#038;p=4761"},"modified":"2026-04-26T19:11:17","modified_gmt":"2026-04-26T17:11:17","slug":"menu-des-fetes","status":"publish","type":"product","link":"https:\/\/www.restaurantlepelican.fr\/boutique\/produit\/menu-des-fetes\/","title":{"rendered":"Foie gras de canard maison \/\u00a0 Tournedos de pintade fermi\u00e8re \/ Sph\u00e8re au chocolat fa\u00e7on Dubai"},"content":{"rendered":"\t\t<div data-elementor-type=\"product-post\" data-elementor-id=\"4761\" class=\"elementor elementor-4761\" data-elementor-post-type=\"product\">\n\t\t\t\t\t\t<section class=\"elementor-section elementor-top-section elementor-element elementor-element-30967a01 elementor-section-boxed elementor-section-height-default elementor-section-height-default\" data-id=\"30967a01\" data-element_type=\"section\" data-e-type=\"section\">\n\t\t\t\t\t\t<div class=\"elementor-container elementor-column-gap-default\">\n\t\t\t\t\t<div class=\"elementor-column elementor-col-100 elementor-top-column elementor-element elementor-element-12898500\" data-id=\"12898500\" data-element_type=\"column\" data-e-type=\"column\">\n\t\t\t<div class=\"elementor-widget-wrap elementor-element-populated\">\n\t\t\t\t\t\t<div class=\"elementor-element elementor-element-73997bf5 elementor-widget elementor-widget-text-editor\" data-id=\"73997bf5\" data-element_type=\"widget\" data-e-type=\"widget\" data-widget_type=\"text-editor.default\">\n\t\t\t\t<div class=\"elementor-widget-container\">\n\t\t\t\t\t\t\t\t\t<div class=\"elementor-element elementor-element-6bb41cf elementor-widget elementor-widget-heading\" data-id=\"6bb41cf\" data-element_type=\"widget\" data-widget_type=\"heading.default\"><div class=\"elementor-widget-container\"><h2 class=\"elementor-heading-title elementor-size-default\">ENTR\u00c9E<\/h2><\/div><\/div><div class=\"elementor-element elementor-element-0494df4 elementor-widget elementor-widget-text-editor\" data-id=\"0494df4\" data-element_type=\"widget\" data-widget_type=\"text-editor.default\"><div class=\"elementor-widget-container\"><div class=\"elementor-text-editor elementor-clearfix\"><p>Foie gras de canard fran\u00e7ais fabriqu\u00e9 par nos soins, &amp; sa marmelade maison<\/p><p>Ils seront mis sous vide s\u00e9par\u00e9ment pour une meilleure conservation et pour ne pas m\u00e9langer les go\u00fbts.<\/p><\/div><\/div><\/div><div class=\"elementor-element elementor-element-aa0e33f elementor-widget elementor-widget-heading\" data-id=\"aa0e33f\" data-element_type=\"widget\" data-widget_type=\"heading.default\"><div class=\"elementor-widget-container\"><h2 class=\"elementor-heading-title elementor-size-default\">PLAT<\/h2><div>\u00a0<\/div><p class=\"elementor-heading-title elementor-size-default\"><span style=\"color: #000000;\">Supr\u00e8me de pintade Fran\u00e7aise, sauce cr\u00e8m\u00e9e aux champignons\u00a0<\/span><\/p><\/div><\/div><div class=\"elementor-element elementor-element-fc9e110 elementor-widget elementor-widget-text-editor\" data-id=\"fc9e110\" data-element_type=\"widget\" data-widget_type=\"text-editor.default\"><div class=\"elementor-widget-container\"><div class=\"elementor-text-editor elementor-clearfix\">\u00a0<\/div><\/div><\/div><div class=\"elementor-element elementor-element-acc03e7 elementor-widget elementor-widget-heading\" data-id=\"acc03e7\" data-element_type=\"widget\" data-widget_type=\"heading.default\"><div class=\"elementor-widget-container\"><h2 class=\"elementor-heading-title elementor-size-default\">DESSERT<\/h2><\/div><\/div><div class=\"elementor-element elementor-element-e2a3665 elementor-widget elementor-widget-text-editor\" data-id=\"e2a3665\" data-element_type=\"widget\" data-widget_type=\"text-editor.default\"><div class=\"elementor-widget-container\"><p>Tartelette fa\u00e7on snickers, caramel au beurre sal\u00e9 et chocolat au lait.<\/p><\/div><\/div>\t\t\t\t\t\t\t\t<\/div>\n\t\t\t\t<\/div>\n\t\t\t\t\t<\/div>\n\t\t<\/div>\n\t\t\t\t\t<\/div>\n\t\t<\/section>\n\t\t\t\t<\/div>\n\t\t","protected":false},"excerpt":{"rendered":"<p>Menu des f\u00eates &#8211; Foie gras de canard fran\u00e7ais fabriqu\u00e9 par nos soins, &amp; sa marmelade maison. \/\u00a0 <span data-olk-copy-source=\"MessageBody\">Tournedos de pintade fermi\u00e8re, farcie par nos soins aux marrons, PDT grenailles cuites \u00e0 la graisse de canard et accompagn\u00e9e de sa sauce aux notes de pain d\u2019\u00e9pices et orange. (Sauce \u00e0 part) <\/span>\/ La fameuse sph\u00e8re au chocolat fa\u00e7on Dubai: cr\u00e9meux pistache, pralin\u00e9 pistache et biscuit. pistache. Et sa sauce au chocolat chaud \u00e0 verser dessus.<\/p>\n","protected":false},"featured_media":5315,"comment_status":"open","ping_status":"closed","template":"","meta":{"site-sidebar-layout":"default","site-content-layout":"default","ast-site-content-layout":"default","site-content-style":"default","site-sidebar-style":"default","ast-global-header-display":"","ast-banner-title-visibility":"","ast-main-header-display":"","ast-hfb-above-header-display":"","ast-hfb-below-header-display":"","ast-hfb-mobile-header-display":"","site-post-title":"","ast-breadcrumbs-content":"","ast-featured-img":"","footer-sml-layout":"","ast-disable-related-posts":"","theme-transparent-header-meta":"default","adv-header-id-meta":"","stick-header-meta":"","header-above-stick-meta":"","header-main-stick-meta":"","header-below-stick-meta":"","astra-migrate-meta-layouts":"set","ast-page-background-enabled":"default","ast-page-background-meta":{"desktop":{"background-color":"","background-image":"","background-repeat":"repeat","background-position":"center center","background-size":"auto","background-attachment":"scroll","background-type":"","background-media":"","overlay-type":"","overlay-color":"","overlay-opacity":"","overlay-gradient":""},"tablet":{"background-color":"","background-image":"","background-repeat":"repeat","background-position":"center center","background-size":"auto","background-attachment":"scroll","background-type":"","background-media":"","overlay-type":"","overlay-color":"","overlay-opacity":"","overlay-gradient":""},"mobile":{"background-color":"","background-image":"","background-repeat":"repeat","background-position":"center center","background-size":"auto","background-attachment":"scroll","background-type":"","background-media":"","overlay-type":"","overlay-color":"","overlay-opacity":"","overlay-gradient":""}},"ast-content-background-meta":{"desktop":{"background-color":"var(--ast-global-color-5)","background-image":"","background-repeat":"repeat","background-position":"center center","background-size":"auto","background-attachment":"scroll","background-type":"","background-media":"","overlay-type":"","overlay-color":"","overlay-opacity":"","overlay-gradient":""},"tablet":{"background-color":"var(--ast-global-color-5)","background-image":"","background-repeat":"repeat","background-position":"center center","background-size":"auto","background-attachment":"scroll","background-type":"","background-media":"","overlay-type":"","overlay-color":"","overlay-opacity":"","overlay-gradient":""},"mobile":{"background-color":"var(--ast-global-color-5)","background-image":"","background-repeat":"repeat","background-position":"center center","background-size":"auto","background-attachment":"scroll","background-type":"","background-media":"","overlay-type":"","overlay-color":"","overlay-opacity":"","overlay-gradient":""}}},"product_brand":[],"product_cat":[49,36],"product_tag":[35],"class_list":{"0":"post-4761","1":"product","2":"type-product","3":"status-publish","4":"has-post-thumbnail","6":"product_cat-menu","7":"product_cat-fete","8":"product_tag-fete","9":"desktop-align-left","10":"tablet-align-left","11":"mobile-align-left","13":"first","14":"outofstock","15":"virtual","16":"purchasable","17":"product-type-simple"},"jetpack_sharing_enabled":true,"_links":{"self":[{"href":"https:\/\/www.restaurantlepelican.fr\/boutique\/wp-json\/wp\/v2\/product\/4761","targetHints":{"allow":["GET"]}}],"collection":[{"href":"https:\/\/www.restaurantlepelican.fr\/boutique\/wp-json\/wp\/v2\/product"}],"about":[{"href":"https:\/\/www.restaurantlepelican.fr\/boutique\/wp-json\/wp\/v2\/types\/product"}],"replies":[{"embeddable":true,"href":"https:\/\/www.restaurantlepelican.fr\/boutique\/wp-json\/wp\/v2\/comments?post=4761"}],"version-history":[{"count":12,"href":"https:\/\/www.restaurantlepelican.fr\/boutique\/wp-json\/wp\/v2\/product\/4761\/revisions"}],"predecessor-version":[{"id":5901,"href":"https:\/\/www.restaurantlepelican.fr\/boutique\/wp-json\/wp\/v2\/product\/4761\/revisions\/5901"}],"wp:featuredmedia":[{"embeddable":true,"href":"https:\/\/www.restaurantlepelican.fr\/boutique\/wp-json\/wp\/v2\/media\/5315"}],"wp:attachment":[{"href":"https:\/\/www.restaurantlepelican.fr\/boutique\/wp-json\/wp\/v2\/media?parent=4761"}],"wp:term":[{"taxonomy":"product_brand","embeddable":true,"href":"https:\/\/www.restaurantlepelican.fr\/boutique\/wp-json\/wp\/v2\/product_brand?post=4761"},{"taxonomy":"product_cat","embeddable":true,"href":"https:\/\/www.restaurantlepelican.fr\/boutique\/wp-json\/wp\/v2\/product_cat?post=4761"},{"taxonomy":"product_tag","embeddable":true,"href":"https:\/\/www.restaurantlepelican.fr\/boutique\/wp-json\/wp\/v2\/product_tag?post=4761"}],"curies":[{"name":"wp","href":"https:\/\/api.w.org\/{rel}","templated":true}]}}